{"id":5,"date":"2023-11-02T09:20:22","date_gmt":"2023-11-02T09:20:22","guid":{"rendered":"https:\/\/openfinance24.de\/?page_id=5"},"modified":"2023-11-02T09:20:23","modified_gmt":"2023-11-02T09:20:23","slug":"datenschutzerklarung","status":"publish","type":"page","link":"https:\/\/openfinance24.de\/?page_id=5","title":{"rendered":"Datenschutzerkl\u00e4rung"},"content":{"rendered":"\n<h1 class=\"wp-block-heading\">Datenverarbeitung bei Nutzung der Kunden-Plattform<\/h1>\n\n\n\n<h2 class=\"wp-block-heading\">Datenerhebung und -verwendung bei Registrierung und Nutzung der Kundenplattform<\/h2>\n\n\n\n<p>Sie haben die M\u00f6glichkeit sich auf unserer Kunden-Plattform (nachfolgend &#8220;Plattform&#8221;) zu registrieren. Wenn Sie einen Nutzeraccount erstellen oder sich anmelden, m\u00fcssen Sie bestimmte verpflichtende Angaben machen, um Zugang zu Ihrem Nutzeraccount zu erhalten und diesen zu verwalten (&#8220;Pflichtangaben&#8221;). Pflichtangaben im Rahmen der Registrierung sind mit einem Sternchen gekennzeichnet und sind f\u00fcr den Abschluss des Nutzungsvertrages erforderlich. Welche Daten erhoben werden, ist aus den jeweiligen Eingabeformularen ersichtlich. Im Rahmen der Registrierung sind dies: Ihr Name und Ihre E-Mail-Adresse. Zudem m\u00fcssen Sie ein Passwort erstellen. Wenn Sie diese Daten nicht angeben, k\u00f6nnen Sie keinen Nutzeraccount erstellen.<\/p>\n\n\n\n<p>Dar\u00fcber hinaus k\u00f6nnen Sie freiwillige Angaben im Rahmen der Registrierung zu Ihren weiteren pers\u00f6nlichen Daten machen.<\/p>\n\n\n\n<p>Wir verwenden die von Ihnen mitgeteilten Daten, um Sie beim Login zu authentifizieren und Anfragen zur R\u00fccksetzung Ihres Passwortes nachzugehen, um Ihre Berechtigung zur Verwaltung des Nutzeraccounts zu verifizieren, die Nutzungsbedingungen der Website sowie alle damit verbundenen Rechte und Pflichten durchzusetzen und mit Ihnen in Kontakt zu treten, um Ihnen technische oder rechtliche Hinweise, Updates, Sicherheitsmeldungen oder andere Nachrichten, die etwa die Verwaltung des Nutzeraccounts betreffen, senden zu k\u00f6nnen.<\/p>\n\n\n\n<p>Wenn Sie Ihre Finanzierung \u00fcber unsere Plattform abwickeln m\u00f6chten, erheben und verarbeiten wir im Rahmen der Leistungserbringung folgende Daten von Ihnen: Ihr Name und Ihre E-Mail-Adresse sowie Ihre Rechnungsadresse, s\u00e4mtliche Angaben zu Ihrer Finanzierung wie Angaben zu ihren Finanzen, Ihren pers\u00f6nlichen Verh\u00e4ltnissen, zu der zu erwerbenden Immobilie und geplanten Renovierungen und Sanierungen sowie weitere ben\u00f6tigte Angaben.<\/p>\n\n\n\n<p>Sie haben zudem die M\u00f6glichkeit, \u00fcber die Plattform mit uns in Kontakt zu treten. In diesem Fall erheben und speichern wir die Kommunikation sowie die Zeitstempel zur Kommunikation mit Ihnen.<\/p>\n\n\n\n<p>Wir verwenden Ihre Daten, um unsere Leistungen Ihnen gegen\u00fcber durchzuf\u00fchren.<\/p>\n\n\n\n<p>Wir verwenden die von Ihnen mitgeteilten Daten entsprechend lediglich zur Vertragsabwicklung und Bereitstellung unserer im Rahmen des Vertrages zu erbringenden Leistungen. Wir k\u00f6nnen Ihre Daten auch an einen oder mehrere Auftragsverarbeiter weitergeben, der bzw. die Ihre Daten ebenfalls ausschlie\u00dflich f\u00fcr eine interne Verwendung in unserem Auftrag nutzt bzw. nutzen. Die uns genutzten Auftragsverarbeiter k\u00f6nnen Sie dieser Datenschutzerkl\u00e4rung entnehmen.<\/p>\n\n\n\n<p>Die Rechtsgrundlage f\u00fcr die Verarbeitung Ihrer personenbezogenen Daten ist die Erf\u00fcllung unseres Vertrages mit Ihnen gem\u00e4\u00df Art. 6 Abs. 1 S. 1 lit. b DSGVO.<\/p>\n\n\n\n<p>Wir speichern zudem Ihre IP-Adresse und das Datum sowie die Uhrzeit der Registrierung, um den Missbrauch unserer Plattform und der darauf angebotenen Dienste zu verhindern und ggf. begangene Straftaten aufzukl\u00e4ren. Die Speicherung dieser Daten ist daher zu unserer eigenen Absicherung erforderlich. Die Rechtsgrundlage f\u00fcr die Verarbeitung Ihrer personenbezogenen Daten ist Art. 6 Abs. 1 S. 1 lit. f DSGVO. In den vorgenannten Zwecken liegt auch unser berechtigtes Interesse an der Datenverarbeitung.<\/p>\n\n\n\n<p>Nach vollst\u00e4ndiger Abwicklung des Vertrages oder L\u00f6schung Ihres Accounts werden Ihre Daten zun\u00e4chst f\u00fcr die weitere Verwendung gesperrt und nach Ablauf der gesetzlichen Aufbewahrungsfristen gel\u00f6scht, sofern Sie nicht ausdr\u00fccklich in eine weitere Nutzung Ihrer Daten eingewilligt haben oder wir uns eine dar\u00fcberhinausgehende Datenverwendung vorbehalten, die gesetzlich erlaubt ist und \u00fcber die wir Sie nachstehend informieren.<\/p>\n\n\n\n<p>Sie haben die M\u00f6glichkeit der Verarbeitung jederzeit zu widersprechen und Ihren Account zu l\u00f6schen. In einem solchen Fall kann das Vertragsverh\u00e4ltnis mit Ihnen nicht fortgef\u00fchrt werden.<\/p>\n\n\n\n<h2 class=\"wp-block-heading\">Plattformhoster<\/h2>\n\n\n\n<p>Unsere Website wird in technischer Hinsicht von der fincrm GmbH, Aachener Str. 376, 50933 K\u00f6ln (nachfolgend &#8220;fincrm&#8221;) bereitgestellt. \u00fcber fincrm stellen wir eine technische Infrastruktur bereit, um unsere Plattform und unsere Leistungen \u00fcber die Plattform anbieten zu k\u00f6nnen.<\/p>\n\n\n\n<p>Bei der Nutzung unserer Plattform werden Ihre (anonymisierte) IP und die Dauer Ihres Besuchs auf unserer Plattform an fincrm \u00fcbertragen.<\/p>\n\n\n\n<p>fincrm speichert zudem bei jedem Aufruf unserer Plattform automatisiert Zugriffsdaten in sogenannten Server-Logfiles. Dies umfasst Datum und Uhrzeit des Abrufs, \u00fcbertragene Datenmenge und ggf. Namen der angeforderten Datei, verwendeter Browser und dessen Version, verwendetes Betriebssystem, IP-Adresse, angeforderte URL inklusive Unterseiten, Referrer URL (URL, die Sie unmittelbar zuvor besucht haben) und den anfragenden Provider.<\/p>\n\n\n\n<p>Die vor\u00fcbergehende Speicherung der IP-Adresse durch das System ist notwendig, um eine Auslieferung der Plattform an Ihr Endger\u00e4t zu erm\u00f6glichen. Hierf\u00fcr muss Ihre IP-Adresse f\u00fcr die Dauer der Sitzung gespeichert bleiben. Wir nutzen lediglich Server mit Standort in der EU, sodass Ihre Daten nur innerhalb der EU gehostet und verarbeitet werden.<\/p>\n\n\n\n<p>Rechtsgrundlage f\u00fcr die vor\u00fcbergehende Speicherung Ihrer Daten und der Logfiles ist unser berechtigtes Interesse Art. 6 Abs. 1 S. 1 lit. f DSGVO.<\/p>\n\n\n\n<p>Die benannten Daten werden ausschlie\u00dflich zur Sicherstellung eines dauerhaften und st\u00f6rungsfreien Betriebs unserer Plattform und der Sicherheit unserer informationstechnischen Systeme ausgewertet. Zu diesem Zweck werden die oben benannten Daten maximal 7 Tage lang gespeichert.<\/p>\n\n\n\n<p>Die Erfassung der Daten zur Bereitstellung der Plattform und die Speicherung der Daten in Logfiles ist f\u00fcr den Betrieb unserer Website zwingend erforderlich. Es besteht daher keine Widerspruchsm\u00f6glichkeit.<\/p>\n\n\n\n<p>Weitere Informationen zum Datenschutz k\u00f6nnen Sie den Datenschutzbestimmungen von fincrm unter https:\/\/fincrm.de\/datenschutz entnehmen.<\/p>\n\n\n\n<h2 class=\"wp-block-heading\">Verwendung von Cookies<\/h2>\n\n\n\n<p>Um den Besuch unserer Plattform attraktiv zu gestalten und die Nutzung bestimmter Funktionen zu erm\u00f6glichen, verwenden wir auf unserer Plattform sogenannte &#8220;Cookies&#8221;. Dabei handelt es sich um kleine Textdateien, welche \u00fcber einen Browser auf Ihrem Endger\u00e4t abgelegt und gespeichert werden.<\/p>\n\n\n\n<p>Viele Cookies enthalten eine sogenannte Cookie-ID. Sie besteht aus einer Zeichenfolge, durch welche Websites und Server einem konkreten Browser zugeordnet werden k\u00f6nnen, in dem das jeweilige Cookie gespeichert wurde.<\/p>\n\n\n\n<p>Wir setzen folgende Cookies:<\/p>\n\n\n\n<figure class=\"wp-block-table\"><table><tbody><tr><td>Name des Cookies<\/td><td>Funktion des Cookies<\/td><td>Erhobene Daten<\/td><td>Speicherdauer<\/td><td>Technisch notwendiger Cookie<\/td><\/tr><tr><td>fincrm_session<\/td><td>Webserver-Session<\/td><td>Session-ID<\/td><td>120 Minuten<\/td><td>Ja<\/td><\/tr><tr><td>refresh_token<\/td><td>Session Remember Me \/ Angemeldet bleiben<\/td><td>Session ID<\/td><td>Unendlich (bis manuelles logout oder cookie gel\u00f6scht wird)<\/td><td>Ja<\/td><\/tr><tr><td>XSRF-TOKEN<\/td><td>Sicherheit<\/td><td>ID<\/td><td>120 Minuten<\/td><td>Ja<\/td><\/tr><\/tbody><\/table><\/figure>\n\n\n\n<p>Technisch notwendige Cookies sind notwendig um unsere Plattform zu betreiben. Dar\u00fcber hinaus gibt es auch Cookies, die das Nutzerverhalten analysieren, damit wir unsere Website stetig verbessern k\u00f6nnen.<\/p>\n\n\n\n<p>Der Zweck der Verwendung technisch notwendiger Cookies ist, die Nutzung unserer Plattform f\u00fcr Sie zu erm\u00f6glichen (z.B. werden Ihre Log-in Daten gespeichert). Einige Funktionen unserer Plattform k\u00f6nnen ohne den Einsatz von Cookies nicht angeboten werden. F\u00fcr diese ist es erforderlich, dass Ihr Browser auch nach einem Seitenwechsel wiedererkannt wird. Bei der Deaktivierung von technisch notwendigen Cookies kann die Funktionalit\u00e4t unserer Plattform eingeschr\u00e4nkt sein.<\/p>\n\n\n\n<p>Die Rechtsgrundlage f\u00fcr die Verarbeitung personenbezogener Daten unter Verwendung von notwendigen Cookies ist Art. 6 Abs. 1 S. 1 lit. f DSGVO.<\/p>\n\n\n\n<p>Beim Aufruf unserer Website werden Sie \u00fcber die Verwendung von Cookies informiert. Sie k\u00f6nnen im Rahmen des sog. Cookie-Banners Ihre Einwilligung zur Verarbeitung der in diesem Zusammenhang verwendeten personenbezogenen Daten erkl\u00e4ren. In diesem Zusammenhang erfolgt auch ein Hinweis auf diese Datenschutzerkl\u00e4rung. Sie k\u00f6nnen Ihre Einwilligung jederzeit mit Wirkung f\u00fcr die Zukunft widerrufen.<\/p>\n\n\n\n<p>Die Rechtsgrundlage f\u00fcr die Verarbeitung personenbezogener Daten unter Verwendung von Cookies, die nicht notwendig f\u00fcr den Betrieb unserer Website sind, ist bei Vorliegen Ihrer diesbez\u00fcglichen Einwilligung Art. 6 Abs. 1 S. 1 lit. a DSGVO.<\/p>\n\n\n\n<p>Sie k\u00f6nnen Ihre Einwilligung \u00fcber unseren Cookie-Banner erteilen und in den Einstellungen jederzeit mit Wirkung f\u00fcr die Zukunft wieder widerrufen.<\/p>\n\n\n\n<p>Cookies werden auf Ihrem Endger\u00e4t gespeichert und an unsere Website \u00fcbermittelt. Sie haben daher die Kontrolle \u00fcber die Verwendung von Cookies. Sie k\u00f6nnen Ihren Browser so einstellen, dass Sie \u00fcber das Setzen von Cookies informiert werden und einzeln \u00fcber deren Annahme entscheiden oder die Annahme von Cookies f\u00fcr bestimmte F\u00e4lle oder generell ausschlie\u00dfen oder so einstellen, dass das Setzen von Cookies verhindert wird und damit dem Setzen von Cookies dauerhaft widersprechen. Zudem k\u00f6nnen Sie bereits gesetzte Cookies jederzeit \u00fcber Ihren Browser l\u00f6schen. Ein umfassender Widerspruch gegen Onlinemarketing-Cookies kann unter anderem auch \u00fcber <a href=\"https:\/\/www.google.com\/url?q=http:\/\/www.youronlinechoices.com\/&amp;sa=D&amp;source=editors&amp;ust=1694183921777266&amp;usg=AOvVaw3aP6K1BB1fJpJkQX6XZ5EJ\">http:\/\/www.youronlinechoices.com\/<\/a> erkl\u00e4rt werden. Dies gilt auch f\u00fcr alle nachfolgend von uns aufgef\u00fchrten Cookies von Drittanbietern.<\/p>\n\n\n\n<p>Zur Analyse ihres Surfverhaltens (sog. Tracking) nutzen die von uns eingebundene Dritt-Services ebenfalls Cookies (sog. Third-Party-Cookies). \u00fcber die jeweilige Funktionsweise und Datenverarbeitung informieren Sie sich bitte auf den Websites der entsprechenden Anbieter. Die von uns verwendeten Dritt-Services k\u00f6nnen Sie der Datenschutzerkl\u00e4rung von fincrm unter https:\/\/fincrm.de\/adv entnehmen.<\/p>\n\n\n\n<h2 class=\"wp-block-heading\">Newsletter<\/h2>\n\n\n\n<p>Sie k\u00f6nnen sich zum Empfang unseres Newsletters anmelden. Unser Newsletter erscheint regelm\u00e4\u00dfig und enth\u00e4lt Informationen \u00fcber aktuelle und neue Angebote betreffend Ihre Finanzierung und weitere Finanzierungsm\u00f6glichkeiten, wie Anschluss-, Zwischen oder Ratenfinanzierungen sowie weitere Angebote rund um Ihre Immobilie. Zus\u00e4tzlich bieten wir exklusive Partnerangebote, wertvolle Tipps und Ratschl\u00e4ge, Marktupdates und Einladungen zu Veranstaltungen. Bleiben Sie auf dem neuesten Stand rund um Ihre Immobilie und Finanzierungsm\u00f6glichkeiten.<\/p>\n\n\n\n<p>Der Versand unseres Newsletters erfolgt durch fincrm in unserem Auftrag.<\/p>\n\n\n\n<p>Zur Anmeldung m\u00fcssen Sie uns Ihre E-Mail-Adresse mitteilen. Sonstige Angaben, die der Optimierung des Newsletters dienen, k\u00f6nnen freiwillig angegeben werden. Die Anmeldung erfolgt in einem sogenannten Double-Opt-In-Verfahren. Nach der Anmeldung auf unserer Website erhalten Sie eine Best\u00e4tigungs-E-Mail von uns, in der Sie noch einmal die Anmeldung best\u00e4tigen m\u00fcssen. Dieser gesamte Prozess wird dokumentiert und gespeichert. Hierzu geh\u00f6rt sowohl die Speicherung des Anmelde- und des Best\u00e4tigungszeitpunkts als auch die Speicherung Ihrer IP-Adresse. Die Erhebung dieser Daten ist erforderlich, damit wir im Falle eines Missbrauchs der E-Mail-Adresse die Abl\u00e4ufe nachvollziehen k\u00f6nnen und dient deshalb unserer rechtlichen Absicherung. Indem Sie unseren Newsletter abonnieren, erkl\u00e4ren Sie sich mit dessen Empfang einverstanden.<\/p>\n\n\n\n<p>Ihre im Rahmen der Anmeldung angegebenen Daten verwenden wir ausschlie\u00dflich, um Ihnen unseren Newsletter zuzusenden. Ferner k\u00f6nnten wir Sie informieren, sofern dies f\u00fcr den Betrieb des Newsletters erforderlich ist, wie z.B. im Falle von \u00e4nderungen des Newsletter-Angebotes oder bei der Ver\u00e4nderung der technischen Gegebenheiten.<\/p>\n\n\n\n<p>Wir werten unseren Newsletter zudem statistisch aus. Zur statistischen Auswertung unseres Newsletters enth\u00e4lt unser Newsletter sogenannte Z\u00e4hlpixel. Z\u00e4hlpixel sind Miniaturgrafiken, welche im HTML-Format versendet werden, um eine Logdatei-Aufzeichnung und eine Logdatei-Analyse zu erm\u00f6glichen. Wir k\u00f6nnen so erkennen, ob und wann unser Newsletter von Ihnen ge\u00f6ffnet wurde und welche im Newsletter enthaltenen Links von Ihnen aufgerufen wurden.<\/p>\n\n\n\n<p>Die Rechtsgrundlage f\u00fcr die Verarbeitung Ihrer personenbezogenen Daten nach Anmeldung zum Newsletter ist bei Vorliegen Ihrer diesbez\u00fcglichen Einwilligung Art. 6 Abs. 1 S. 1 lit. a DSGVO.<\/p>\n\n\n\n<p>Ihre Einwilligung in die Speicherung und Verwendung Ihrer personenbezogenen Daten zum Erhalt des Newsletters und der zuvor beschriebenen statistischen Erhebung k\u00f6nnen Sie jederzeit mit Wirkung f\u00fcr die Zukunft widerrufen. Zum Zwecke des Widerrufs Ihrer Einwilligung k\u00f6nnen Sie den daf\u00fcr vorgesehenen Link im Newsletter nutzen.<\/p>\n\n\n\n<p>Ihre Daten werden gel\u00f6scht, sobald sie f\u00fcr die Erreichung des Zweckes ihrer Erhebung nicht mehr erforderlich sind. Ihre E-Mail-Adresse wird demnach solange gespeichert, wie das Abonnement des Newsletters aktiv ist.<\/p>\n\n\n\n<p><em>Stand: 01. September 2023<\/em><\/p>\n","protected":false},"excerpt":{"rendered":"<p>Datenverarbeitung bei Nutzung der Kunden-Plattform Datenerhebung und -verwendung bei Registrierung und Nutzung der Kundenplattform Sie haben die M\u00f6glichkeit sich auf unserer Kunden-Plattform (nachfolgend &#8220;Plattform&#8221;) zu registrieren. Wenn Sie einen Nutzeraccount erstellen oder sich anmelden, m\u00fcssen Sie bestimmte verpflichtende Angaben machen, um Zugang zu Ihrem Nutzeraccount zu erhalten und diesen zu verwalten (&#8220;Pflichtangaben&#8221;). Pflichtangaben im Rahmen [&hellip;]<\/p>\n","protected":false},"author":1,"featured_media":0,"parent":0,"menu_order":0,"comment_status":"closed","ping_status":"closed","template":"","meta":{"footnotes":""},"_links":{"self":[{"href":"https:\/\/openfinance24.de\/index.php?rest_route=\/wp\/v2\/pages\/5"}],"collection":[{"href":"https:\/\/openfinance24.de\/index.php?rest_route=\/wp\/v2\/pages"}],"about":[{"href":"https:\/\/openfinance24.de\/index.php?rest_route=\/wp\/v2\/types\/page"}],"author":[{"embeddable":true,"href":"https:\/\/openfinance24.de\/index.php?rest_route=\/wp\/v2\/users\/1"}],"replies":[{"embeddable":true,"href":"https:\/\/openfinance24.de\/index.php?rest_route=%2Fwp%2Fv2%2Fcomments&post=5"}],"version-history":[{"count":1,"href":"https:\/\/openfinance24.de\/index.php?rest_route=\/wp\/v2\/pages\/5\/revisions"}],"predecessor-version":[{"id":7,"href":"https:\/\/openfinance24.de\/index.php?rest_route=\/wp\/v2\/pages\/5\/revisions\/7"}],"wp:attachment":[{"href":"https:\/\/openfinance24.de\/index.php?rest_route=%2Fwp%2Fv2%2Fmedia&parent=5"}],"curies":[{"name":"wp","href":"https:\/\/api.w.org\/{rel}","templated":true}]}}